{"id":1251,"date":"2022-12-21T18:25:35","date_gmt":"2022-12-21T16:25:35","guid":{"rendered":"https:\/\/test.raplakunst.eu\/?page_id=1251"},"modified":"2026-03-20T17:23:05","modified_gmt":"2026-03-20T15:23:05","slug":"taotlemine","status":"publish","type":"page","link":"https:\/\/galerii.eaa.ee\/vabaduse\/?page_id=1251","title":{"rendered":"Taotlemine"},"content":{"rendered":"<h1>EKL GALERIIDE N\u00c4ITUSEPROJEKTIDE KONKURSS 2027<\/h1>\n<p>19.03.2026<\/p>\n<p><b>EKL kuulutab v\u00e4lja liidu galeriide n\u00e4ituseprojektide konkursi aastaks 2027.<\/b>\u00a0Projektide laekumise l\u00f5ppt\u00e4htaeg on\u00a0<b>30.04.2026<\/b>.<\/p>\n<p><b>HOBUSEPEA, DRAAKONI, HOP ja VABADUSE GALERII<\/b><b><br \/>\n<\/b>Kandideerimiseks t\u00e4ita taotluse vorm veebilehel:\u00a0<a href=\"https:\/\/docs.google.com\/forms\/d\/e\/1FAIpQLSc-s_mE3cEH-VU5eRmUaSzINFI_rAxGSvF20NS8qDsciwU87g\/viewform?usp=header\">LINK<\/a><\/p>\n<p>Taotlus peab sisaldama:<br \/>\n1) Ankeet (taotleja andmetega)<br \/>\n2) N\u00e4ituseprojekti t\u00f6\u00f6pealkiri ja kirjeldus<br \/>\n3) Projekti eelistatav toimumisaeg (kuu, kvartal)<br \/>\n4) Eelistatav galerii<br \/>\n5) Projekti illustreeriv pildi- v\u00f5i videomaterjal (soovitavalt koondatud \u00fchte faili)<br \/>\n6) Eksponeerimiseks vajamineva tehnika loetelu (vajadusel). Galeriide poolt pakutava tehnika nimekirja leiab kodulehelt<br \/>\n7) N\u00e4itusel osaleja v\u00f5i osalejate CV-d<\/p>\n<p>Valitud projektidele pakuvad EKL galeriid tasuta n\u00e4ituseruumi kasutust, galerii meeskonna n\u00f5u ja tehnilist tuge n\u00e4ituse paigaldamisel, esmast kommunikatsiooni ja n\u00e4ituse kajastamist Eesti Kunstnike Liidu ja galeriide kanalites.<\/p>\n<p>NB! Isikun\u00e4ituste taotluste puhul on eelistatud kunstnikud, kes ei ole konkreetses galeriis eelneval kolmel (2024-2026) aastal soolon\u00e4itusega esinenud.<\/p>\n<p>2027. aasta n\u00e4ituseprogrammi koostab kuueliikmeline komisjon, kuhu kuuluvad Eesti Kunstnike Liidu esindajad ja kutsutud v\u00e4lisliikmed: Brigit Arop, Urmas Puhkan, Liis Tedre, Anu Vahtra, T\u00fc\u00fcne-Kristin Vaikla ja Maria Valdma-H\u00e4rm. Komisjoni arutelud ja hindamisprotsess on konfidentsiaalsed. Komisjon teeb otsused kollektiivse hindamise tulemusel ning individuaalset tagasisidet ega hindamisprotokolle taotlejatele ei v\u00e4ljastata.<\/p>\n<p>Konkursi tulemused tehakse teatavaks hiljemalt\u00a0<strong>18. juunil 2026<\/strong>\u00a0kui EKL volikogu on need kinnitanud. Vastused saadetakse k\u00f5igile taotlejatele e-posti teel.<\/p>\n<p>Lisainformatsioon:\u00a0<a href=\"mailto:galerii@eaa.ee\">galerii@eaa.ee<\/a>, 50 73739 (T-N kell 10-16)<\/p>\n<p>N\u00e4ituse konkursi korraldamise kord on kirjeldatud\u00a0<a href=\"https:\/\/eaa.ee\/sites\/default\/files\/EKL%20galeriide%20n%C3%A4ituseprogrammi%20koostamise%20kord%202027.pdf\">SIIN<\/a>.<\/p>\n","protected":false},"excerpt":{"rendered":"<p>EKL GALERIIDE N\u00c4ITUSEPROJEKTIDE KONKURSS 2027 19.03.2026 EKL kuulutab v\u00e4lja liidu galeriide n\u00e4ituseprojektide konkursi aastaks 2027.\u00a0Projektide laekumise l\u00f5ppt\u00e4htaeg on\u00a030.04.2026. HOBUSEPEA, DRAAKONI, HOP ja VABADUSE GALERII Kandideerimiseks t\u00e4ita taotluse vorm veebilehel:\u00a0LINK Taotlus peab sisaldama: 1) Ankeet (taotleja andmetega) 2) N\u00e4ituseprojekti t\u00f6\u00f6pealkiri ja kirjeldus 3) Projekti eelistatav toimumisaeg (kuu, kvartal) 4) Eelistatav galerii 5) Projekti illustreeriv pildi- v\u00f5i [&hellip;]<\/p>\n","protected":false},"author":1,"featured_media":0,"parent":0,"menu_order":0,"comment_status":"closed","ping_status":"closed","template":"","meta":{"_uag_custom_page_level_css":"","site-sidebar-layout":"default","site-content-layout":"","ast-site-content-layout":"default","site-content-style":"default","site-sidebar-style":"default","ast-global-header-display":"","ast-banner-title-visibility":"","ast-main-header-display":"","ast-hfb-above-header-display":"","ast-hfb-below-header-display":"","ast-hfb-mobile-header-display":"","site-post-title":"","ast-breadcrumbs-content":"","ast-featured-img":"","footer-sml-layout":"","theme-transparent-header-meta":"default","adv-header-id-meta":"","stick-header-meta":"","header-above-stick-meta":"","header-main-stick-meta":"","header-below-stick-meta":"","astra-migrate-meta-layouts":"set","ast-page-background-enabled":"default","ast-page-background-meta":{"desktop":{"background-color":"var(--ast-global-color-4)","background-image":"","background-repeat":"repeat","background-position":"center center","background-size":"auto","background-attachment":"scroll","background-type":"","background-media":"","overlay-type":"","overlay-color":"","overlay-opacity":"","overlay-gradient":""},"tablet":{"background-color":"","background-image":"","background-repeat":"repeat","background-position":"center center","background-size":"auto","background-attachment":"scroll","background-type":"","background-media":"","overlay-type":"","overlay-color":"","overlay-opacity":"","overlay-gradient":""},"mobile":{"background-color":"","background-image":"","background-repeat":"repeat","background-position":"center center","background-size":"auto","background-attachment":"scroll","background-type":"","background-media":"","overlay-type":"","overlay-color":"","overlay-opacity":"","overlay-gradient":""}},"ast-content-background-meta":{"desktop":{"background-color":"var(--ast-global-color-5)","background-image":"","background-repeat":"repeat","background-position":"center center","background-size":"auto","background-attachment":"scroll","background-type":"","background-media":"","overlay-type":"","overlay-color":"","overlay-opacity":"","overlay-gradient":""},"tablet":{"background-color":"var(--ast-global-color-5)","background-image":"","background-repeat":"repeat","background-position":"center center","background-size":"auto","background-attachment":"scroll","background-type":"","background-media":"","overlay-type":"","overlay-color":"","overlay-opacity":"","overlay-gradient":""},"mobile":{"background-color":"var(--ast-global-color-5)","background-image":"","background-repeat":"repeat","background-position":"center center","background-size":"auto","background-attachment":"scroll","background-type":"","background-media":"","overlay-type":"","overlay-color":"","overlay-opacity":"","overlay-gradient":""}},"footnotes":""},"class_list":["post-1251","page","type-page","status-publish","hentry"],"uagb_featured_image_src":{"full":false,"thumbnail":false,"medium":false,"medium_large":false,"large":false,"1536x1536":false,"2048x2048":false},"uagb_author_info":{"display_name":"vabadusegalerii","author_link":"https:\/\/galerii.eaa.ee\/vabaduse\/?author=1"},"uagb_comment_info":0,"uagb_excerpt":"EKL GALERIIDE N\u00c4ITUSEPROJEKTIDE KONKURSS 2027 19.03.2026 EKL kuulutab v\u00e4lja liidu galeriide n\u00e4ituseprojektide konkursi aastaks 2027.\u00a0Projektide laekumise l\u00f5ppt\u00e4htaeg on\u00a030.04.2026. HOBUSEPEA, DRAAKONI, HOP ja VABADUSE GALERII Kandideerimiseks t\u00e4ita taotluse vorm veebilehel:\u00a0LINK Taotlus peab sisaldama: 1) Ankeet (taotleja andmetega) 2) N\u00e4ituseprojekti t\u00f6\u00f6pealkiri ja kirjeldus 3) Projekti eelistatav toimumisaeg (kuu, kvartal) 4) Eelistatav galerii 5) Projekti illustreeriv pildi- v\u00f5i&hellip;","_links":{"self":[{"href":"https:\/\/galerii.eaa.ee\/vabaduse\/index.php?rest_route=\/wp\/v2\/pages\/1251","targetHints":{"allow":["GET"]}}],"collection":[{"href":"https:\/\/galerii.eaa.ee\/vabaduse\/index.php?rest_route=\/wp\/v2\/pages"}],"about":[{"href":"https:\/\/galerii.eaa.ee\/vabaduse\/index.php?rest_route=\/wp\/v2\/types\/page"}],"author":[{"embeddable":true,"href":"https:\/\/galerii.eaa.ee\/vabaduse\/index.php?rest_route=\/wp\/v2\/users\/1"}],"replies":[{"embeddable":true,"href":"https:\/\/galerii.eaa.ee\/vabaduse\/index.php?rest_route=%2Fwp%2Fv2%2Fcomments&post=1251"}],"version-history":[{"count":13,"href":"https:\/\/galerii.eaa.ee\/vabaduse\/index.php?rest_route=\/wp\/v2\/pages\/1251\/revisions"}],"predecessor-version":[{"id":5330,"href":"https:\/\/galerii.eaa.ee\/vabaduse\/index.php?rest_route=\/wp\/v2\/pages\/1251\/revisions\/5330"}],"wp:attachment":[{"href":"https:\/\/galerii.eaa.ee\/vabaduse\/index.php?rest_route=%2Fwp%2Fv2%2Fmedia&parent=1251"}],"curies":[{"name":"wp","href":"https:\/\/api.w.org\/{rel}","templated":true}]}}