{"id":1701,"date":"2023-01-06T17:39:15","date_gmt":"2023-01-06T15:39:15","guid":{"rendered":"https:\/\/test.raplakunst.eu\/?page_id=1701"},"modified":"2023-03-21T18:44:51","modified_gmt":"2023-03-21T16:44:51","slug":"tulekul","status":"publish","type":"page","link":"https:\/\/galerii.eaa.ee\/vabaduse\/?page_id=1701","title":{"rendered":"N\u00e4itused &#8211; tulekul"},"content":{"rendered":"<p>&nbsp;<\/p>\n\n\n\t\t\t<div class=\"wp-block-uagb-post-grid uagb-post-grid  uagb-post__image-position-top uagb-post__image-enabled uagb-block-15eb209e     uagb-post__items uagb-post__columns-3 is-grid uagb-post__columns-tablet-2 uagb-post__columns-mobile-1 uagb-post__equal-height\" data-total=\"1\" style=\"\">\n\n\t\t\t\t\t\t\t\t\t\t\t\t<article class=\"uagb-post__inner-wrap\">\t\t\t\t\t\t\t\t<div class='uagb-post__image'>\n\t\t\t\t\t\t\t\t\t<a href=\"https:\/\/galerii.eaa.ee\/vabaduse\/?p=5263\" target=\"_self\" rel=\"bookmark noopener noreferrer\" class='uagb-image-ratio-1-2'><img loading=\"lazy\" decoding=\"async\" width=\"1024\" height=\"680\" src=\"https:\/\/galerii.eaa.ee\/vabaduse\/wp-content\/uploads\/hall-1024x680.jpg\" class=\"attachment-large size-large\" alt=\"\" srcset=\"https:\/\/galerii.eaa.ee\/vabaduse\/wp-content\/uploads\/hall-1024x680.jpg 1024w, https:\/\/galerii.eaa.ee\/vabaduse\/wp-content\/uploads\/hall-300x199.jpg 300w, https:\/\/galerii.eaa.ee\/vabaduse\/wp-content\/uploads\/hall-768x510.jpg 768w, https:\/\/galerii.eaa.ee\/vabaduse\/wp-content\/uploads\/hall.jpg 1200w\" sizes=\"auto, (max-width: 1024px) 100vw, 1024px\" \/>\t\t\t\t\t<\/a>\n\t\t\t\t\t\t\t<\/div>\n\t\t\t\t\t\t<h4 class=\"uagb-post__title uagb-post__text\">\n\t\t\t\t<a href=\"https:\/\/galerii.eaa.ee\/vabaduse\/?p=5263\" target=\"_self\" rel=\"bookmark noopener noreferrer\">LEENA KUUTMA<\/a>\n\t\t\t<\/h4>\n\t\t\t\t\t\t<div class='uagb-post__text uagb-post-grid-byline'>\n\t\t\t\t\t\t\t<\/div>\n\t\t\t\n\t\t\t\t\t\t\t\t\t<\/article>\n\t\t\t\t\t\t\t\t\t\t\t\t\t\t\t\t<article class=\"uagb-post__inner-wrap\">\t\t\t\t\t\t\t\t<div class='uagb-post__image'>\n\t\t\t\t\t\t\t\t\t<a href=\"https:\/\/galerii.eaa.ee\/vabaduse\/?p=5267\" target=\"_self\" rel=\"bookmark noopener noreferrer\" class='uagb-image-ratio-1-2'><img loading=\"lazy\" decoding=\"async\" width=\"1024\" height=\"680\" src=\"https:\/\/galerii.eaa.ee\/vabaduse\/wp-content\/uploads\/hall-1024x680.jpg\" class=\"attachment-large size-large\" alt=\"\" srcset=\"https:\/\/galerii.eaa.ee\/vabaduse\/wp-content\/uploads\/hall-1024x680.jpg 1024w, https:\/\/galerii.eaa.ee\/vabaduse\/wp-content\/uploads\/hall-300x199.jpg 300w, https:\/\/galerii.eaa.ee\/vabaduse\/wp-content\/uploads\/hall-768x510.jpg 768w, https:\/\/galerii.eaa.ee\/vabaduse\/wp-content\/uploads\/hall.jpg 1200w\" sizes=\"auto, (max-width: 1024px) 100vw, 1024px\" \/>\t\t\t\t\t<\/a>\n\t\t\t\t\t\t\t<\/div>\n\t\t\t\t\t\t<h4 class=\"uagb-post__title uagb-post__text\">\n\t\t\t\t<a href=\"https:\/\/galerii.eaa.ee\/vabaduse\/?p=5267\" target=\"_self\" rel=\"bookmark noopener noreferrer\">MARIA LAPTEVA<\/a>\n\t\t\t<\/h4>\n\t\t\t\t\t\t<div class='uagb-post__text uagb-post-grid-byline'>\n\t\t\t\t\t\t\t<\/div>\n\t\t\t\n\t\t\t\t\t\t\t\t\t<\/article>\n\t\t\t\t\t\t\t\t\t\t\t\t\t\t\t\t<article class=\"uagb-post__inner-wrap\">\t\t\t\t\t\t\t\t<div class='uagb-post__image'>\n\t\t\t\t\t\t\t\t\t<a href=\"https:\/\/galerii.eaa.ee\/vabaduse\/?p=5271\" target=\"_self\" rel=\"bookmark noopener noreferrer\" class='uagb-image-ratio-1-2'><img loading=\"lazy\" decoding=\"async\" width=\"1024\" height=\"680\" src=\"https:\/\/galerii.eaa.ee\/vabaduse\/wp-content\/uploads\/hall-1024x680.jpg\" class=\"attachment-large size-large\" alt=\"\" srcset=\"https:\/\/galerii.eaa.ee\/vabaduse\/wp-content\/uploads\/hall-1024x680.jpg 1024w, https:\/\/galerii.eaa.ee\/vabaduse\/wp-content\/uploads\/hall-300x199.jpg 300w, https:\/\/galerii.eaa.ee\/vabaduse\/wp-content\/uploads\/hall-768x510.jpg 768w, https:\/\/galerii.eaa.ee\/vabaduse\/wp-content\/uploads\/hall.jpg 1200w\" sizes=\"auto, (max-width: 1024px) 100vw, 1024px\" \/>\t\t\t\t\t<\/a>\n\t\t\t\t\t\t\t<\/div>\n\t\t\t\t\t\t<h4 class=\"uagb-post__title uagb-post__text\">\n\t\t\t\t<a href=\"https:\/\/galerii.eaa.ee\/vabaduse\/?p=5271\" target=\"_self\" rel=\"bookmark noopener noreferrer\">UNO ROOSVALT<\/a>\n\t\t\t<\/h4>\n\t\t\t\t\t\t<div class='uagb-post__text uagb-post-grid-byline'>\n\t\t\t\t\t\t\t<\/div>\n\t\t\t\n\t\t\t\t\t\t\t\t\t<\/article>\n\t\t\t\t\t\t\t\t\t\t\t\t\t\t\t\t<article class=\"uagb-post__inner-wrap\">\t\t\t\t\t\t\t\t<div class='uagb-post__image'>\n\t\t\t\t\t\t\t\t\t<a href=\"https:\/\/galerii.eaa.ee\/vabaduse\/?p=5275\" target=\"_self\" rel=\"bookmark noopener noreferrer\" class='uagb-image-ratio-1-2'><img loading=\"lazy\" decoding=\"async\" width=\"1024\" height=\"680\" src=\"https:\/\/galerii.eaa.ee\/vabaduse\/wp-content\/uploads\/hall-1024x680.jpg\" class=\"attachment-large size-large\" alt=\"\" srcset=\"https:\/\/galerii.eaa.ee\/vabaduse\/wp-content\/uploads\/hall-1024x680.jpg 1024w, https:\/\/galerii.eaa.ee\/vabaduse\/wp-content\/uploads\/hall-300x199.jpg 300w, https:\/\/galerii.eaa.ee\/vabaduse\/wp-content\/uploads\/hall-768x510.jpg 768w, https:\/\/galerii.eaa.ee\/vabaduse\/wp-content\/uploads\/hall.jpg 1200w\" sizes=\"auto, (max-width: 1024px) 100vw, 1024px\" \/>\t\t\t\t\t<\/a>\n\t\t\t\t\t\t\t<\/div>\n\t\t\t\t\t\t<h4 class=\"uagb-post__title uagb-post__text\">\n\t\t\t\t<a href=\"https:\/\/galerii.eaa.ee\/vabaduse\/?p=5275\" target=\"_self\" rel=\"bookmark noopener noreferrer\">K\u00dcLLIKI J\u00c4RVILA<\/a>\n\t\t\t<\/h4>\n\t\t\t\t\t\t<div class='uagb-post__text uagb-post-grid-byline'>\n\t\t\t\t\t\t\t<\/div>\n\t\t\t\n\t\t\t\t\t\t\t\t\t<\/article>\n\t\t\t\t\t\t\t\t\t\t\t\t\t\t\t\t<article class=\"uagb-post__inner-wrap\">\t\t\t\t\t\t\t\t<div class='uagb-post__image'>\n\t\t\t\t\t\t\t\t\t<a href=\"https:\/\/galerii.eaa.ee\/vabaduse\/?p=5279\" target=\"_self\" rel=\"bookmark noopener noreferrer\" class='uagb-image-ratio-1-2'><img loading=\"lazy\" decoding=\"async\" width=\"1024\" height=\"680\" src=\"https:\/\/galerii.eaa.ee\/vabaduse\/wp-content\/uploads\/hall-1024x680.jpg\" class=\"attachment-large size-large\" alt=\"\" srcset=\"https:\/\/galerii.eaa.ee\/vabaduse\/wp-content\/uploads\/hall-1024x680.jpg 1024w, https:\/\/galerii.eaa.ee\/vabaduse\/wp-content\/uploads\/hall-300x199.jpg 300w, https:\/\/galerii.eaa.ee\/vabaduse\/wp-content\/uploads\/hall-768x510.jpg 768w, https:\/\/galerii.eaa.ee\/vabaduse\/wp-content\/uploads\/hall.jpg 1200w\" sizes=\"auto, (max-width: 1024px) 100vw, 1024px\" \/>\t\t\t\t\t<\/a>\n\t\t\t\t\t\t\t<\/div>\n\t\t\t\t\t\t<h4 class=\"uagb-post__title uagb-post__text\">\n\t\t\t\t<a href=\"https:\/\/galerii.eaa.ee\/vabaduse\/?p=5279\" target=\"_self\" rel=\"bookmark noopener noreferrer\">PILLE ERNESAKS<\/a>\n\t\t\t<\/h4>\n\t\t\t\t\t\t<div class='uagb-post__text uagb-post-grid-byline'>\n\t\t\t\t\t\t\t<\/div>\n\t\t\t\n\t\t\t\t\t\t\t\t\t<\/article>\n\t\t\t\t\t\t\t\t\t\t\t\t\t\t\t\t<article class=\"uagb-post__inner-wrap\">\t\t\t\t\t\t\t\t<div class='uagb-post__image'>\n\t\t\t\t\t\t\t\t\t<a href=\"https:\/\/galerii.eaa.ee\/vabaduse\/?p=5283\" target=\"_self\" rel=\"bookmark noopener noreferrer\" class='uagb-image-ratio-1-2'><img loading=\"lazy\" decoding=\"async\" width=\"1024\" height=\"680\" src=\"https:\/\/galerii.eaa.ee\/vabaduse\/wp-content\/uploads\/hall-1024x680.jpg\" class=\"attachment-large size-large\" alt=\"\" srcset=\"https:\/\/galerii.eaa.ee\/vabaduse\/wp-content\/uploads\/hall-1024x680.jpg 1024w, https:\/\/galerii.eaa.ee\/vabaduse\/wp-content\/uploads\/hall-300x199.jpg 300w, https:\/\/galerii.eaa.ee\/vabaduse\/wp-content\/uploads\/hall-768x510.jpg 768w, https:\/\/galerii.eaa.ee\/vabaduse\/wp-content\/uploads\/hall.jpg 1200w\" sizes=\"auto, (max-width: 1024px) 100vw, 1024px\" \/>\t\t\t\t\t<\/a>\n\t\t\t\t\t\t\t<\/div>\n\t\t\t\t\t\t<h4 class=\"uagb-post__title uagb-post__text\">\n\t\t\t\t<a href=\"https:\/\/galerii.eaa.ee\/vabaduse\/?p=5283\" target=\"_self\" rel=\"bookmark noopener noreferrer\">J\u00dcRI KASS\u00a0<\/a>\n\t\t\t<\/h4>\n\t\t\t\t\t\t<div class='uagb-post__text uagb-post-grid-byline'>\n\t\t\t\t\t\t\t<\/div>\n\t\t\t\n\t\t\t\t\t\t\t\t\t<\/article>\n\t\t\t\t\t\t\t\t\t\t\t\t\t\t\t\t<article class=\"uagb-post__inner-wrap\">\t\t\t\t\t\t\t\t<div class='uagb-post__image'>\n\t\t\t\t\t\t\t\t\t<a href=\"https:\/\/galerii.eaa.ee\/vabaduse\/?p=5287\" target=\"_self\" rel=\"bookmark noopener noreferrer\" class='uagb-image-ratio-1-2'><img loading=\"lazy\" decoding=\"async\" width=\"1024\" height=\"680\" src=\"https:\/\/galerii.eaa.ee\/vabaduse\/wp-content\/uploads\/hall-1024x680.jpg\" class=\"attachment-large size-large\" alt=\"\" srcset=\"https:\/\/galerii.eaa.ee\/vabaduse\/wp-content\/uploads\/hall-1024x680.jpg 1024w, https:\/\/galerii.eaa.ee\/vabaduse\/wp-content\/uploads\/hall-300x199.jpg 300w, https:\/\/galerii.eaa.ee\/vabaduse\/wp-content\/uploads\/hall-768x510.jpg 768w, https:\/\/galerii.eaa.ee\/vabaduse\/wp-content\/uploads\/hall.jpg 1200w\" sizes=\"auto, (max-width: 1024px) 100vw, 1024px\" \/>\t\t\t\t\t<\/a>\n\t\t\t\t\t\t\t<\/div>\n\t\t\t\t\t\t<h4 class=\"uagb-post__title uagb-post__text\">\n\t\t\t\t<a href=\"https:\/\/galerii.eaa.ee\/vabaduse\/?p=5287\" target=\"_self\" rel=\"bookmark noopener noreferrer\">J\u00f5ulum\u00fc\u00fck<\/a>\n\t\t\t<\/h4>\n\t\t\t\t\t\t<div class='uagb-post__text uagb-post-grid-byline'>\n\t\t\t\t\t\t\t<\/div>\n\t\t\t\n\t\t\t\t\t\t\t\t\t<\/article>\n\t\t\t\t\t\t\t\t\t\t\t<\/div>\n\t\t\t","protected":false},"excerpt":{"rendered":"<p>&nbsp;<\/p>\n","protected":false},"author":1,"featured_media":0,"parent":0,"menu_order":0,"comment_status":"closed","ping_status":"closed","template":"","meta":{"_uag_custom_page_level_css":"","site-sidebar-layout":"default","site-content-layout":"default","ast-site-content-layout":"","site-content-style":"default","site-sidebar-style":"default","ast-global-header-display":"","ast-banner-title-visibility":"","ast-main-header-display":"","ast-hfb-above-header-display":"","ast-hfb-below-header-display":"","ast-hfb-mobile-header-display":"","site-post-title":"","ast-breadcrumbs-content":"","ast-featured-img":"","footer-sml-layout":"","theme-transparent-header-meta":"default","adv-header-id-meta":"","stick-header-meta":"","header-above-stick-meta":"","header-main-stick-meta":"","header-below-stick-meta":"","astra-migrate-meta-layouts":"default","ast-page-background-enabled":"default","ast-page-background-meta":{"desktop":{"background-color":"var(--ast-global-color-4)","background-image":"","background-repeat":"repeat","background-position":"center center","background-size":"auto","background-attachment":"scroll","background-type":"","background-media":"","overlay-type":"","overlay-color":"","overlay-opacity":"","overlay-gradient":""},"tablet":{"background-color":"","background-image":"","background-repeat":"repeat","background-position":"center center","background-size":"auto","background-attachment":"scroll","background-type":"","background-media":"","overlay-type":"","overlay-color":"","overlay-opacity":"","overlay-gradient":""},"mobile":{"background-color":"","background-image":"","background-repeat":"repeat","background-position":"center center","background-size":"auto","background-attachment":"scroll","background-type":"","background-media":"","overlay-type":"","overlay-color":"","overlay-opacity":"","overlay-gradient":""}},"ast-content-background-meta":{"desktop":{"background-color":"var(--ast-global-color-5)","background-image":"","background-repeat":"repeat","background-position":"center center","background-size":"auto","background-attachment":"scroll","background-type":"","background-media":"","overlay-type":"","overlay-color":"","overlay-opacity":"","overlay-gradient":""},"tablet":{"background-color":"var(--ast-global-color-5)","background-image":"","background-repeat":"repeat","background-position":"center center","background-size":"auto","background-attachment":"scroll","background-type":"","background-media":"","overlay-type":"","overlay-color":"","overlay-opacity":"","overlay-gradient":""},"mobile":{"background-color":"var(--ast-global-color-5)","background-image":"","background-repeat":"repeat","background-position":"center center","background-size":"auto","background-attachment":"scroll","background-type":"","background-media":"","overlay-type":"","overlay-color":"","overlay-opacity":"","overlay-gradient":""}},"footnotes":""},"class_list":["post-1701","page","type-page","status-publish","hentry"],"uagb_featured_image_src":{"full":false,"thumbnail":false,"medium":false,"medium_large":false,"large":false,"1536x1536":false,"2048x2048":false},"uagb_author_info":{"display_name":"vabadusegalerii","author_link":"https:\/\/galerii.eaa.ee\/vabaduse\/?author=1"},"uagb_comment_info":0,"uagb_excerpt":"&nbsp;","_links":{"self":[{"href":"https:\/\/galerii.eaa.ee\/vabaduse\/index.php?rest_route=\/wp\/v2\/pages\/1701","targetHints":{"allow":["GET"]}}],"collection":[{"href":"https:\/\/galerii.eaa.ee\/vabaduse\/index.php?rest_route=\/wp\/v2\/pages"}],"about":[{"href":"https:\/\/galerii.eaa.ee\/vabaduse\/index.php?rest_route=\/wp\/v2\/types\/page"}],"author":[{"embeddable":true,"href":"https:\/\/galerii.eaa.ee\/vabaduse\/index.php?rest_route=\/wp\/v2\/users\/1"}],"replies":[{"embeddable":true,"href":"https:\/\/galerii.eaa.ee\/vabaduse\/index.php?rest_route=%2Fwp%2Fv2%2Fcomments&post=1701"}],"version-history":[{"count":1,"href":"https:\/\/galerii.eaa.ee\/vabaduse\/index.php?rest_route=\/wp\/v2\/pages\/1701\/revisions"}],"predecessor-version":[{"id":3971,"href":"https:\/\/galerii.eaa.ee\/vabaduse\/index.php?rest_route=\/wp\/v2\/pages\/1701\/revisions\/3971"}],"wp:attachment":[{"href":"https:\/\/galerii.eaa.ee\/vabaduse\/index.php?rest_route=%2Fwp%2Fv2%2Fmedia&parent=1701"}],"curies":[{"name":"wp","href":"https:\/\/api.w.org\/{rel}","templated":true}]}}