{"id":956,"date":"2022-12-20T20:41:44","date_gmt":"2022-12-20T18:41:44","guid":{"rendered":"https:\/\/test.raplakunst.eu\/?page_id=956"},"modified":"2024-02-22T17:00:06","modified_gmt":"2024-02-22T15:00:06","slug":"galeriist","status":"publish","type":"page","link":"https:\/\/galerii.eaa.ee\/vabaduse\/?page_id=956","title":{"rendered":"Galeriist"},"content":{"rendered":"<p><strong>Vabaduse galerii (Vabaduse v\u00e4ljak 6, Tallinn) on 2007. aastal asutatud ja Eesti Kunstnike Liidu (<a href=\"https:\/\/www.eaa.ee\/\">EKL<\/a>) alla kuuluv mittetulunduslik n\u00e4itusepind.<\/strong><\/p>\n<p>Vabaduse galerii programm keskendub eelk\u00f5ige Eesti Kunstnike Liitu kuuluvate ja k\u00fcpsemas eas kunstnike loomingu n\u00e4itamisele. Galerii prioriteetideks eesti professionaalsete kunstnike soolo- ning koost\u00f6\u00f6projektide esitlemine, samuti n\u00e4itused, mis v\u00f5tavad arvesse EKL-i liikmeskunstnike v\u00e4\u00e4rikaid t\u00e4htp\u00e4evi. Galerii tegevuste peamine eesm\u00e4rk on kvalitatiivseid v\u00e4\u00e4rtusi kandva ja t\u00f5siselt motiveeritud kunsti esiletoomine.<\/p>\n<p>Vabaduse galerii n\u00e4ituste programm kujuneb avaliku konkursi tulemusel laekunud projektidest tehtava valiku p\u00f5hjal. Avalik konkurss galeriile projektide esitamiseks kuulutatakse v\u00e4lja m\u00e4rtsikuu jooksul, t\u00e4htajaga mai alguses ning tulemused kuulutatakse v\u00e4lja hiljemalt juuni l\u00f5pus.<\/p>\n<p>Galerii hoolekogusse kuuluvad Jaan Elken, J\u00fcri Hain, Tiina K\u00e4esel ja Sirja-Liisa Eelma.<\/p>\n<ol start=\"2024\">\n<li>aasta veebruaris alustas Vabaduse galerii galerisitina Kulla Laas.<\/li>\n<li>Aastatel 2013\u20132023 tegutses galeristina kunstiteadlane Reet Varblane.<\/li>\n<\/ol>\n","protected":false},"excerpt":{"rendered":"<p>Vabaduse galerii (Vabaduse v\u00e4ljak 6, Tallinn) on 2007. aastal asutatud ja Eesti Kunstnike Liidu (EKL) alla kuuluv mittetulunduslik n\u00e4itusepind. Vabaduse galerii programm keskendub eelk\u00f5ige Eesti Kunstnike Liitu kuuluvate ja k\u00fcpsemas eas kunstnike loomingu n\u00e4itamisele. Galerii prioriteetideks eesti professionaalsete kunstnike soolo- ning koost\u00f6\u00f6projektide esitlemine, samuti n\u00e4itused, mis v\u00f5tavad arvesse EKL-i liikmeskunstnike v\u00e4\u00e4rikaid t\u00e4htp\u00e4evi. Galerii tegevuste peamine [&hellip;]<\/p>\n","protected":false},"author":1,"featured_media":3109,"parent":0,"menu_order":0,"comment_status":"closed","ping_status":"closed","template":"","meta":{"_uag_custom_page_level_css":"","site-sidebar-layout":"default","site-content-layout":"default","ast-site-content-layout":"default","site-content-style":"default","site-sidebar-style":"default","ast-global-header-display":"","ast-banner-title-visibility":"","ast-main-header-display":"","ast-hfb-above-header-display":"","ast-hfb-below-header-display":"","ast-hfb-mobile-header-display":"","site-post-title":"","ast-breadcrumbs-content":"","ast-featured-img":"","footer-sml-layout":"","theme-transparent-header-meta":"default","adv-header-id-meta":"","stick-header-meta":"","header-above-stick-meta":"","header-main-stick-meta":"","header-below-stick-meta":"","astra-migrate-meta-layouts":"set","ast-page-background-enabled":"default","ast-page-background-meta":{"desktop":{"background-color":"var(--ast-global-color-4)","background-image":"","background-repeat":"repeat","background-position":"center center","background-size":"auto","background-attachment":"scroll","background-type":"","background-media":"","overlay-type":"","overlay-color":"","overlay-opacity":"","overlay-gradient":""},"tablet":{"background-color":"","background-image":"","background-repeat":"repeat","background-position":"center center","background-size":"auto","background-attachment":"scroll","background-type":"","background-media":"","overlay-type":"","overlay-color":"","overlay-opacity":"","overlay-gradient":""},"mobile":{"background-color":"","background-image":"","background-repeat":"repeat","background-position":"center center","background-size":"auto","background-attachment":"scroll","background-type":"","background-media":"","overlay-type":"","overlay-color":"","overlay-opacity":"","overlay-gradient":""}},"ast-content-background-meta":{"desktop":{"background-color":"var(--ast-global-color-5)","background-image":"","background-repeat":"repeat","background-position":"center center","background-size":"auto","background-attachment":"scroll","background-type":"","background-media":"","overlay-type":"","overlay-color":"","overlay-opacity":"","overlay-gradient":""},"tablet":{"background-color":"var(--ast-global-color-5)","background-image":"","background-repeat":"repeat","background-position":"center center","background-size":"auto","background-attachment":"scroll","background-type":"","background-media":"","overlay-type":"","overlay-color":"","overlay-opacity":"","overlay-gradient":""},"mobile":{"background-color":"var(--ast-global-color-5)","background-image":"","background-repeat":"repeat","background-position":"center center","background-size":"auto","background-attachment":"scroll","background-type":"","background-media":"","overlay-type":"","overlay-color":"","overlay-opacity":"","overlay-gradient":""}},"footnotes":""},"class_list":["post-956","page","type-page","status-publish","has-post-thumbnail","hentry"],"uagb_featured_image_src":{"full":["https:\/\/galerii.eaa.ee\/vabaduse\/wp-content\/uploads\/Dubov_Vabaduse_2012.jpg",1200,574,false],"thumbnail":["https:\/\/galerii.eaa.ee\/vabaduse\/wp-content\/uploads\/Dubov_Vabaduse_2012-150x150.jpg",150,150,true],"medium":["https:\/\/galerii.eaa.ee\/vabaduse\/wp-content\/uploads\/Dubov_Vabaduse_2012-300x144.jpg",300,144,true],"medium_large":["https:\/\/galerii.eaa.ee\/vabaduse\/wp-content\/uploads\/Dubov_Vabaduse_2012-768x367.jpg",768,367,true],"large":["https:\/\/galerii.eaa.ee\/vabaduse\/wp-content\/uploads\/Dubov_Vabaduse_2012-1024x490.jpg",1024,490,true],"1536x1536":["https:\/\/galerii.eaa.ee\/vabaduse\/wp-content\/uploads\/Dubov_Vabaduse_2012.jpg",1200,574,false],"2048x2048":["https:\/\/galerii.eaa.ee\/vabaduse\/wp-content\/uploads\/Dubov_Vabaduse_2012.jpg",1200,574,false]},"uagb_author_info":{"display_name":"vabadusegalerii","author_link":"https:\/\/galerii.eaa.ee\/vabaduse\/?author=1"},"uagb_comment_info":0,"uagb_excerpt":"Vabaduse galerii (Vabaduse v\u00e4ljak 6, Tallinn) on 2007. aastal asutatud ja Eesti Kunstnike Liidu (EKL) alla kuuluv mittetulunduslik n\u00e4itusepind. Vabaduse galerii programm keskendub eelk\u00f5ige Eesti Kunstnike Liitu kuuluvate ja k\u00fcpsemas eas kunstnike loomingu n\u00e4itamisele. Galerii prioriteetideks eesti professionaalsete kunstnike soolo- ning koost\u00f6\u00f6projektide esitlemine, samuti n\u00e4itused, mis v\u00f5tavad arvesse EKL-i liikmeskunstnike v\u00e4\u00e4rikaid t\u00e4htp\u00e4evi. Galerii tegevuste peamine&hellip;","_links":{"self":[{"href":"https:\/\/galerii.eaa.ee\/vabaduse\/index.php?rest_route=\/wp\/v2\/pages\/956","targetHints":{"allow":["GET"]}}],"collection":[{"href":"https:\/\/galerii.eaa.ee\/vabaduse\/index.php?rest_route=\/wp\/v2\/pages"}],"about":[{"href":"https:\/\/galerii.eaa.ee\/vabaduse\/index.php?rest_route=\/wp\/v2\/types\/page"}],"author":[{"embeddable":true,"href":"https:\/\/galerii.eaa.ee\/vabaduse\/index.php?rest_route=\/wp\/v2\/users\/1"}],"replies":[{"embeddable":true,"href":"https:\/\/galerii.eaa.ee\/vabaduse\/index.php?rest_route=%2Fwp%2Fv2%2Fcomments&post=956"}],"version-history":[{"count":8,"href":"https:\/\/galerii.eaa.ee\/vabaduse\/index.php?rest_route=\/wp\/v2\/pages\/956\/revisions"}],"predecessor-version":[{"id":4798,"href":"https:\/\/galerii.eaa.ee\/vabaduse\/index.php?rest_route=\/wp\/v2\/pages\/956\/revisions\/4798"}],"wp:featuredmedia":[{"embeddable":true,"href":"https:\/\/galerii.eaa.ee\/vabaduse\/index.php?rest_route=\/wp\/v2\/media\/3109"}],"wp:attachment":[{"href":"https:\/\/galerii.eaa.ee\/vabaduse\/index.php?rest_route=%2Fwp%2Fv2%2Fmedia&parent=956"}],"curies":[{"name":"wp","href":"https:\/\/api.w.org\/{rel}","templated":true}]}}